{"id":189,"date":"2025-06-16T13:47:53","date_gmt":"2025-06-16T13:47:53","guid":{"rendered":"http:\/\/paterlaboratorium.pl\/?page_id=189"},"modified":"2025-06-16T16:03:48","modified_gmt":"2025-06-16T16:03:48","slug":"kremg","status":"publish","type":"page","link":"http:\/\/paterlaboratorium.pl\/index.php\/kremg\/","title":{"rendered":"KreMg"},"content":{"rendered":"\n<h2 class=\"wp-block-heading\">KreMg \u2013 Innowacyjny krem z Magnezem<\/h2>\n\n\n\n<p>Pierwszy krem stworzony w Polsce<\/p>\n\n\n\n<div class=\"wp-block-uagb-container uagb-block-a4462bbc alignfull uagb-is-root-container\"><div class=\"uagb-container-inner-blocks-wrap\">\n<div class=\"wp-block-uagb-container uagb-block-db2c829e\">\n<figure class=\"wp-block-image size-full\"><img loading=\"lazy\" decoding=\"async\" width=\"800\" height=\"800\" src=\"http:\/\/paterlaboratorium.pl\/wp-content\/uploads\/2025\/06\/polski-kremg-z-magnezem.png\" alt=\"\" class=\"wp-image-159\" srcset=\"http:\/\/paterlaboratorium.pl\/wp-content\/uploads\/2025\/06\/polski-kremg-z-magnezem.png 800w, http:\/\/paterlaboratorium.pl\/wp-content\/uploads\/2025\/06\/polski-kremg-z-magnezem-300x300.png 300w, http:\/\/paterlaboratorium.pl\/wp-content\/uploads\/2025\/06\/polski-kremg-z-magnezem-150x150.png 150w, http:\/\/paterlaboratorium.pl\/wp-content\/uploads\/2025\/06\/polski-kremg-z-magnezem-768x768.png 768w\" sizes=\"auto, (max-width: 800px) 100vw, 800px\" \/><\/figure>\n<\/div>\n\n\n\n<div class=\"wp-block-uagb-container uagb-block-950e53b9\">\n<p>W \u015bwiecie suplementacji sportowej ci\u0105gle poszukujemy rozwi\u0105za\u0144, kt\u00f3re pozwol\u0105 nam osi\u0105gn\u0105\u0107 maksimum naszych mo\u017cliwo\u015bci. KreMg to prze\u0142omowa formu\u0142a, kt\u00f3ra od 2018 roku \u0142\u0105czy dwa kluczowe sk\u0142adniki \u2013 ksylitol i magnez \u2013 w jednym, starannie zaprojektowanym produkcie.<\/p>\n<\/div>\n\n\n\n<div class=\"wp-block-uagb-container uagb-block-efefa667\">\n<figure class=\"wp-block-image size-full\"><img loading=\"lazy\" decoding=\"async\" width=\"904\" height=\"904\" src=\"http:\/\/paterlaboratorium.pl\/wp-content\/uploads\/2025\/06\/Instagram_sponsored-post4.jpg\" alt=\"\" class=\"wp-image-157\" srcset=\"http:\/\/paterlaboratorium.pl\/wp-content\/uploads\/2025\/06\/Instagram_sponsored-post4.jpg 904w, http:\/\/paterlaboratorium.pl\/wp-content\/uploads\/2025\/06\/Instagram_sponsored-post4-300x300.jpg 300w, http:\/\/paterlaboratorium.pl\/wp-content\/uploads\/2025\/06\/Instagram_sponsored-post4-150x150.jpg 150w, http:\/\/paterlaboratorium.pl\/wp-content\/uploads\/2025\/06\/Instagram_sponsored-post4-768x768.jpg 768w\" sizes=\"auto, (max-width: 904px) 100vw, 904px\" \/><\/figure>\n<\/div>\n<\/div><\/div>\n\n\n\n<div class=\"wp-block-uagb-separator uagb-block-19bb4c7e\"><div class=\"wp-block-uagb-separator__inner\" style=\"--my-background-image:\"><\/div><\/div>\n\n\n\n<div class=\"wp-block-uagb-container uagb-block-0de1e65c alignfull uagb-is-root-container\"><div class=\"uagb-container-inner-blocks-wrap\">\n<h2 class=\"wp-block-heading\">Dla Kogo Jest KreMg?<\/h2>\n\n\n\n<p>KreMg zosta\u0142 stworzony z my\u015bl\u0105 o:<\/p>\n\n\n\n<ul class=\"wp-block-list\">\n<li>Ludziach aktywnych fizycznie, kt\u00f3rzy potrzebuj\u0105 wsparcia regeneracji mi\u0119\u015bni<\/li>\n\n\n\n<li>Wszystkich, kt\u00f3rzy cierpi\u0105 na skurcze i b\u00f3le mi\u0119\u015bni<\/li>\n\n\n\n<li>Tych, kt\u00f3rzy pragn\u0105 po\u0142\u0105czy\u0107 suplementacj\u0119 z piel\u0119gnacj\u0105 i nawil\u017ceniem sk\u00f3ry<\/li>\n<\/ul>\n\n\n\n<div class=\"wp-block-uagb-container uagb-block-5b05256c\">\n<div class=\"wp-block-uagb-container uagb-block-cf436037\">\n<figure class=\"wp-block-image size-full\"><img loading=\"lazy\" decoding=\"async\" width=\"800\" height=\"800\" src=\"http:\/\/paterlaboratorium.pl\/wp-content\/uploads\/2025\/06\/polski-kremg-z-magnezem.jpg\" alt=\"\" class=\"wp-image-158\" srcset=\"http:\/\/paterlaboratorium.pl\/wp-content\/uploads\/2025\/06\/polski-kremg-z-magnezem.jpg 800w, http:\/\/paterlaboratorium.pl\/wp-content\/uploads\/2025\/06\/polski-kremg-z-magnezem-300x300.jpg 300w, http:\/\/paterlaboratorium.pl\/wp-content\/uploads\/2025\/06\/polski-kremg-z-magnezem-150x150.jpg 150w, http:\/\/paterlaboratorium.pl\/wp-content\/uploads\/2025\/06\/polski-kremg-z-magnezem-768x768.jpg 768w\" sizes=\"auto, (max-width: 800px) 100vw, 800px\" \/><\/figure>\n<\/div>\n\n\n\n<div class=\"wp-block-uagb-container uagb-block-352d4116\">\n<figure class=\"wp-block-image size-full\"><img loading=\"lazy\" decoding=\"async\" width=\"904\" height=\"904\" src=\"http:\/\/paterlaboratorium.pl\/wp-content\/uploads\/2025\/06\/KreMG_Instagram9.jpg\" alt=\"\" class=\"wp-image-190\" srcset=\"http:\/\/paterlaboratorium.pl\/wp-content\/uploads\/2025\/06\/KreMG_Instagram9.jpg 904w, http:\/\/paterlaboratorium.pl\/wp-content\/uploads\/2025\/06\/KreMG_Instagram9-300x300.jpg 300w, http:\/\/paterlaboratorium.pl\/wp-content\/uploads\/2025\/06\/KreMG_Instagram9-150x150.jpg 150w, http:\/\/paterlaboratorium.pl\/wp-content\/uploads\/2025\/06\/KreMG_Instagram9-768x768.jpg 768w\" sizes=\"auto, (max-width: 904px) 100vw, 904px\" \/><\/figure>\n<\/div>\n<\/div>\n\n\n\n<div class=\"wp-block-uagb-container uagb-block-d1eb7fa3\">\n<h2 class=\"wp-block-heading\">Dlaczego KreMg?<\/h2>\n<\/div>\n<\/div><\/div>\n\n\n\n<p>Magnez to niezb\u0119dny mikroelement, kt\u00f3ry uczestniczy w ponad 300 procesach enzymatycznych w organizmie, wp\u0142ywaj\u0105c na funkcje mi\u0119\u015bni, uk\u0142ad nerwowy i metabolizm energetyczny. Niedobory magnezu s\u0105 powszechne w nowoczesnej diecie, co mo\u017ce prowadzi\u0107 do zm\u0119czenia, skurczy mi\u0119\u015bni i problem\u00f3w z koncentracj\u0105.<\/p>\n\n\n\n<p>KreMg to krem z magnezem, kt\u00f3ry umo\u017cliwia transdermaln\u0105 suplementacj\u0119 tego wa\u017cnego mikroelementu. Aplikacja na sk\u00f3r\u0119 pozwala na bezpo\u015brednie wch\u0142anianie magnezu, omijaj\u0105c uk\u0142ad pokarmowy. Dodatkowo, krem zapewnia doskona\u0142\u0105 regeneracj\u0119 sk\u00f3ry poprzez nawil\u017cenie, \u0142\u0105cz\u0105c korzy\u015bci suplementacyjne z piel\u0119gnacj\u0105 dermatologiczn\u0105.<\/p>\n\n\n\n<p><\/p>\n","protected":false},"excerpt":{"rendered":"<p>KreMg \u2013 Innowacyjny krem z Magnezem Pierwszy krem stworzony w Polsce W \u015bwiecie suplementacji sportowej ci\u0105gle poszukujemy rozwi\u0105za\u0144, kt\u00f3re pozwol\u0105 [&hellip;]<\/p>\n","protected":false},"author":1,"featured_media":0,"parent":0,"menu_order":0,"comment_status":"closed","ping_status":"closed","template":"","meta":{"_uag_custom_page_level_css":"","site-sidebar-layout":"default","site-content-layout":"","ast-site-content-layout":"","site-content-style":"default","site-sidebar-style":"default","ast-global-header-display":"","ast-banner-title-visibility":"","ast-main-header-display":"","ast-hfb-above-header-display":"","ast-hfb-below-header-display":"","ast-hfb-mobile-header-display":"","site-post-title":"disabled","ast-breadcrumbs-content":"","ast-featured-img":"","footer-sml-layout":"","ast-disable-related-posts":"","theme-transparent-header-meta":"","adv-header-id-meta":"","stick-header-meta":"","header-above-stick-meta":"","header-main-stick-meta":"","header-below-stick-meta":"","astra-migrate-meta-layouts":"default","ast-page-background-enabled":"default","ast-page-background-meta":{"desktop":{"background-color":"var(--ast-global-color-5)","background-image":"","background-repeat":"repeat","background-position":"center center","background-size":"auto","background-attachment":"scroll","background-type":"","background-media":"","overlay-type":"","overlay-color":"","overlay-opacity":"","overlay-gradient":""},"tablet":{"background-color":"","background-image":"","background-repeat":"repeat","background-position":"center center","background-size":"auto","background-attachment":"scroll","background-type":"","background-media":"","overlay-type":"","overlay-color":"","overlay-opacity":"","overlay-gradient":""},"mobile":{"background-color":"","background-image":"","background-repeat":"repeat","background-position":"center center","background-size":"auto","background-attachment":"scroll","background-type":"","background-media":"","overlay-type":"","overlay-color":"","overlay-opacity":"","overlay-gradient":""}},"ast-content-background-meta":{"desktop":{"background-color":"var(--ast-global-color-4)","background-image":"","background-repeat":"repeat","background-position":"center center","background-size":"auto","background-attachment":"scroll","background-type":"","background-media":"","overlay-type":"","overlay-color":"","overlay-opacity":"","overlay-gradient":""},"tablet":{"background-color":"var(--ast-global-color-4)","background-image":"","background-repeat":"repeat","background-position":"center center","background-size":"auto","background-attachment":"scroll","background-type":"","background-media":"","overlay-type":"","overlay-color":"","overlay-opacity":"","overlay-gradient":""},"mobile":{"background-color":"var(--ast-global-color-4)","background-image":"","background-repeat":"repeat","background-position":"center center","background-size":"auto","background-attachment":"scroll","background-type":"","background-media":"","overlay-type":"","overlay-color":"","overlay-opacity":"","overlay-gradient":""}},"footnotes":""},"class_list":["post-189","page","type-page","status-publish","hentry"],"uagb_featured_image_src":{"full":false,"thumbnail":false,"medium":false,"medium_large":false,"large":false,"1536x1536":false,"2048x2048":false},"uagb_author_info":{"display_name":"admin","author_link":"http:\/\/paterlaboratorium.pl\/index.php\/author\/admin\/"},"uagb_comment_info":0,"uagb_excerpt":"KreMg \u2013 Innowacyjny krem z Magnezem Pierwszy krem stworzony w Polsce W \u015bwiecie suplementacji sportowej ci\u0105gle poszukujemy rozwi\u0105za\u0144, kt\u00f3re pozwol\u0105 [&hellip;]","_links":{"self":[{"href":"http:\/\/paterlaboratorium.pl\/index.php\/wp-json\/wp\/v2\/pages\/189","targetHints":{"allow":["GET"]}}],"collection":[{"href":"http:\/\/paterlaboratorium.pl\/index.php\/wp-json\/wp\/v2\/pages"}],"about":[{"href":"http:\/\/paterlaboratorium.pl\/index.php\/wp-json\/wp\/v2\/types\/page"}],"author":[{"embeddable":true,"href":"http:\/\/paterlaboratorium.pl\/index.php\/wp-json\/wp\/v2\/users\/1"}],"replies":[{"embeddable":true,"href":"http:\/\/paterlaboratorium.pl\/index.php\/wp-json\/wp\/v2\/comments?post=189"}],"version-history":[{"count":2,"href":"http:\/\/paterlaboratorium.pl\/index.php\/wp-json\/wp\/v2\/pages\/189\/revisions"}],"predecessor-version":[{"id":227,"href":"http:\/\/paterlaboratorium.pl\/index.php\/wp-json\/wp\/v2\/pages\/189\/revisions\/227"}],"wp:attachment":[{"href":"http:\/\/paterlaboratorium.pl\/index.php\/wp-json\/wp\/v2\/media?parent=189"}],"curies":[{"name":"wp","href":"https:\/\/api.w.org\/{rel}","templated":true}]}}