{"id":173,"date":"2025-06-10T13:07:25","date_gmt":"2025-06-10T13:07:25","guid":{"rendered":"http:\/\/paterlaboratorium.pl\/?page_id=173"},"modified":"2025-06-16T15:38:45","modified_gmt":"2025-06-16T15:38:45","slug":"o-nas","status":"publish","type":"page","link":"http:\/\/paterlaboratorium.pl\/index.php\/o-nas\/","title":{"rendered":"O nas"},"content":{"rendered":"\n<div class=\"wp-block-uagb-container uagb-block-c56a67da alignfull uagb-is-root-container\"><div class=\"uagb-container-inner-blocks-wrap\">\n<div class=\"wp-block-uagb-container uagb-block-dc1a0b9a\"><\/div>\n\n\n\n<div class=\"wp-block-uagb-container uagb-block-e4f553bd\">\n<h2 class=\"wp-block-heading\">Dr n. farm. Ryszard Cholewczy\u0144ski &#8211; Za\u0142o\u017cyciel i wizjoner Pater Laboratorium<\/h2>\n\n\n\n<p><strong>Solidne fundamenty naukowe<\/strong>&nbsp;Dr Ryszard Cholewczy\u0144ski uko\u0144czy\u0142 Wydzia\u0142 Farmacji Akademii Medycznej w 1977 roku, nast\u0119pnie kontynuowa\u0142 rozw\u00f3j naukowy, uzyskuj\u0105c stopie\u0144 doktora nauk farmaceutycznych na swojej alma mater. To solidne wykszta\u0142cenie farmaceutyczne sta\u0142o si\u0119 fundamentem jego p\u00f3\u017aniejszych innowacji.<\/p>\n\n\n\n<p><strong>Mi\u0119dzynarodowe do\u015bwiadczenie<\/strong>&nbsp;W latach dziewi\u0119\u0107dziesi\u0105tych zdobywa\u0142 cenne do\u015bwiadczenie pracuj\u0105c dla \u015bwiatowych gigant\u00f3w farmaceutycznych: Bristol Myers-Squibb, Rhone Poulenc-Rorer oraz Norton. Nast\u0119pnie przez dekad\u0119 rozwija\u0142 swoj\u0105 wiedz\u0119 w Polfa Warszawa S.A., poznaj\u0105c specyfik\u0119 polskiego rynku farmaceutycznego.<\/p>\n\n\n\n<p><strong>Od onkologii do dermatologii<\/strong>&nbsp;16 lat temu Dr Cholewczy\u0144ski za\u0142o\u017cy\u0142 Pater Laboratorium, przenosz\u0105c swoje bogate do\u015bwiadczenie w pracy z lekarzami na grunt przedsi\u0119biorczo\u015bci. Pocz\u0105tkowo koncentrowa\u0142 si\u0119 na poprawie komfortu pacjent\u00f3w onkologicznych, tworz\u0105c prze\u0142omowe produkty do jamy ustnej &#8211; Salivarex i Vivodental. Te preparaty nawil\u017caj\u0105ce zyska\u0142y uznanie naukowe i s\u0105 opisane w <a href=\"https:\/\/pl.wikipedia.org\/wiki\/\u015alina\">Wikipedii<\/a> jako przyk\u0142ady sztucznej \u015bliny.<\/p>\n\n\n\n<p><strong>Ewolucja w kierunku dermatologii<\/strong>&nbsp;Kolejnym krokiem by\u0142o przeniesienie tej samej filozofii na obszar dermatologii. Dr Cholewczy\u0144ski opracowa\u0142 oryginaln\u0105 receptur\u0119 wspieraj\u0105c\u0105 leczenie Atopowego Zapalenia Sk\u00f3ry, kt\u00f3ra by\u0142a dystrybuowana przez Polf\u0119 Tarchomin S.A. pod nazw\u0105 Poldermin Hydro do 2019 roku.<\/p>\n\n\n\n<p><strong>Innowacje obecnego pokolenia<\/strong>&nbsp;Dzisiejsze produkty Pater Laboratorium reprezentuj\u0105 kolejny poziom zaawansowania. S\u0105 bardziej z\u0142o\u017cone pod wzgl\u0119dem sk\u0142adnik\u00f3w i mechanizm\u00f3w dzia\u0142ania, oferuj\u0105c pacjentom z AZS nie tylko wi\u0119kszy komfort, ale przede wszystkim szybsz\u0105 i skuteczniejsz\u0105 regeneracj\u0119 sk\u00f3ry.<\/p>\n<\/div>\n<\/div><\/div>\n\n\n\n<div class=\"wp-block-uagb-separator uagb-block-e94fd851\"><div class=\"wp-block-uagb-separator__inner\" style=\"--my-background-image:\"><\/div><\/div>\n\n\n\n<div class=\"wp-block-uagb-container uagb-block-c7cd4ea8 alignfull uagb-is-root-container\"><div class=\"uagb-container-inner-blocks-wrap\">\n<div class=\"wp-block-uagb-container uagb-block-5ec725fe\">\n<h2 class=\"wp-block-heading\">Nowy rozdzia\u0142<\/h2>\n\n\n\n<p><strong>Kontynuacja<\/strong>&nbsp;Rafa\u0142 Cholewczy\u0144ski obj\u0105\u0142 stanowisko prezesa Pater Laboratorium, przejmuj\u0105c odpowiedzialno\u015b\u0107 za dalszy rozw\u00f3j firmy za\u0142o\u017conej przez Dr. Ryszarda Cholewczy\u0144skiego. To symboliczne przekazanie ster\u00f3w nowej generacji, kt\u00f3ra kontynuuje misj\u0119 tworzenia innowacyjnych rozwi\u0105za\u0144 dla pacjent\u00f3w z problemami sk\u00f3rnymi.<\/p>\n\n\n\n<p><strong>Ci\u0105g\u0142o\u015b\u0107 i innowacje<\/strong>&nbsp;Przej\u0119cie firmy przez Rafa\u0142a Cholewczy\u0144skiego gwarantuje zachowanie najlepszych tradycji Pater Laboratorium &#8211; filozofii &#8222;hoito&#8221; (opieki), wsp\u00f3\u0142pracy z dermatologami oraz koncentracji na rzeczywistych potrzebach pacjent\u00f3w &#8211; przy jednoczesnym otwarciu na nowe technologie i sk\u0142adniki aktywne.<\/p>\n\n\n\n<p><strong>Stabilno\u015b\u0107 i perspektywy<\/strong>&nbsp;Nowe kierownictwo zapewnia stabilno\u015b\u0107 operacyjn\u0105 firmy oraz jasne perspektywy rozwoju, co jest istotne zar\u00f3wno dla partner\u00f3w biznesowych, jak i dla pacjent\u00f3w korzystaj\u0105cych z produkt\u00f3w marki hoito+ i KreMg.<\/p>\n<\/div>\n\n\n\n<div class=\"wp-block-uagb-container uagb-block-a33aef09\"><\/div>\n<\/div><\/div>\n\n\n\n<div class=\"wp-block-uagb-separator uagb-block-c686e356\"><div class=\"wp-block-uagb-separator__inner\" style=\"--my-background-image:\"><\/div><\/div>\n\n\n\n<p><\/p>\n","protected":false},"excerpt":{"rendered":"<p>Dr n. farm. Ryszard Cholewczy\u0144ski &#8211; Za\u0142o\u017cyciel i wizjoner Pater Laboratorium Solidne fundamenty naukowe&nbsp;Dr Ryszard Cholewczy\u0144ski uko\u0144czy\u0142 Wydzia\u0142 Farmacji Akademii [&hellip;]<\/p>\n","protected":false},"author":1,"featured_media":0,"parent":0,"menu_order":0,"comment_status":"closed","ping_status":"closed","template":"","meta":{"_uag_custom_page_level_css":"","site-sidebar-layout":"default","site-content-layout":"","ast-site-content-layout":"","site-content-style":"default","site-sidebar-style":"default","ast-global-header-display":"","ast-banner-title-visibility":"","ast-main-header-display":"","ast-hfb-above-header-display":"","ast-hfb-below-header-display":"","ast-hfb-mobile-header-display":"","site-post-title":"disabled","ast-breadcrumbs-content":"","ast-featured-img":"","footer-sml-layout":"","ast-disable-related-posts":"","theme-transparent-header-meta":"","adv-header-id-meta":"","stick-header-meta":"","header-above-stick-meta":"","header-main-stick-meta":"","header-below-stick-meta":"","astra-migrate-meta-layouts":"default","ast-page-background-enabled":"default","ast-page-background-meta":{"desktop":{"background-color":"var(--ast-global-color-5)","background-image":"","background-repeat":"repeat","background-position":"center center","background-size":"auto","background-attachment":"scroll","background-type":"","background-media":"","overlay-type":"","overlay-color":"","overlay-opacity":"","overlay-gradient":""},"tablet":{"background-color":"","background-image":"","background-repeat":"repeat","background-position":"center center","background-size":"auto","background-attachment":"scroll","background-type":"","background-media":"","overlay-type":"","overlay-color":"","overlay-opacity":"","overlay-gradient":""},"mobile":{"background-color":"","background-image":"","background-repeat":"repeat","background-position":"center center","background-size":"auto","background-attachment":"scroll","background-type":"","background-media":"","overlay-type":"","overlay-color":"","overlay-opacity":"","overlay-gradient":""}},"ast-content-background-meta":{"desktop":{"background-color":"var(--ast-global-color-4)","background-image":"","background-repeat":"repeat","background-position":"center center","background-size":"auto","background-attachment":"scroll","background-type":"","background-media":"","overlay-type":"","overlay-color":"","overlay-opacity":"","overlay-gradient":""},"tablet":{"background-color":"var(--ast-global-color-4)","background-image":"","background-repeat":"repeat","background-position":"center center","background-size":"auto","background-attachment":"scroll","background-type":"","background-media":"","overlay-type":"","overlay-color":"","overlay-opacity":"","overlay-gradient":""},"mobile":{"background-color":"var(--ast-global-color-4)","background-image":"","background-repeat":"repeat","background-position":"center center","background-size":"auto","background-attachment":"scroll","background-type":"","background-media":"","overlay-type":"","overlay-color":"","overlay-opacity":"","overlay-gradient":""}},"footnotes":""},"class_list":["post-173","page","type-page","status-publish","hentry"],"uagb_featured_image_src":{"full":false,"thumbnail":false,"medium":false,"medium_large":false,"large":false,"1536x1536":false,"2048x2048":false},"uagb_author_info":{"display_name":"admin","author_link":"http:\/\/paterlaboratorium.pl\/index.php\/author\/admin\/"},"uagb_comment_info":0,"uagb_excerpt":"Dr n. farm. Ryszard Cholewczy\u0144ski &#8211; Za\u0142o\u017cyciel i wizjoner Pater Laboratorium Solidne fundamenty naukowe&nbsp;Dr Ryszard Cholewczy\u0144ski uko\u0144czy\u0142 Wydzia\u0142 Farmacji Akademii [&hellip;]","_links":{"self":[{"href":"http:\/\/paterlaboratorium.pl\/index.php\/wp-json\/wp\/v2\/pages\/173","targetHints":{"allow":["GET"]}}],"collection":[{"href":"http:\/\/paterlaboratorium.pl\/index.php\/wp-json\/wp\/v2\/pages"}],"about":[{"href":"http:\/\/paterlaboratorium.pl\/index.php\/wp-json\/wp\/v2\/types\/page"}],"author":[{"embeddable":true,"href":"http:\/\/paterlaboratorium.pl\/index.php\/wp-json\/wp\/v2\/users\/1"}],"replies":[{"embeddable":true,"href":"http:\/\/paterlaboratorium.pl\/index.php\/wp-json\/wp\/v2\/comments?post=173"}],"version-history":[{"count":4,"href":"http:\/\/paterlaboratorium.pl\/index.php\/wp-json\/wp\/v2\/pages\/173\/revisions"}],"predecessor-version":[{"id":237,"href":"http:\/\/paterlaboratorium.pl\/index.php\/wp-json\/wp\/v2\/pages\/173\/revisions\/237"}],"wp:attachment":[{"href":"http:\/\/paterlaboratorium.pl\/index.php\/wp-json\/wp\/v2\/media?parent=173"}],"curies":[{"name":"wp","href":"https:\/\/api.w.org\/{rel}","templated":true}]}}